{"id":6814,"date":"2025-03-26T19:50:08","date_gmt":"2025-03-26T22:50:08","guid":{"rendered":"https:\/\/highdare.com\/?page_id=6814"},"modified":"2025-03-26T19:58:45","modified_gmt":"2025-03-26T22:58:45","slug":"que-hacemos","status":"publish","type":"page","link":"https:\/\/highdare.com\/en\/que-hacemos\/","title":{"rendered":"What We Do"},"content":{"rendered":"<div data-elementor-type=\"wp-page\" data-elementor-id=\"6814\" class=\"elementor elementor-6814\">\n\t\t\t\t\t\t<section class=\"elementor-section elementor-top-section elementor-element elementor-element-7ebb94b elementor-section-boxed elementor-section-height-default elementor-section-height-default\" data-id=\"7ebb94b\" data-element_type=\"section\" data-settings=\"{&quot;background_background&quot;:&quot;classic&quot;}\">\n\t\t\t\t\t\t\t<div class=\"elementor-background-overlay\"><\/div>\n\t\t\t\t\t\t\t<div class=\"elementor-container elementor-column-gap-default\">\n\t\t\t\t\t<div class=\"elementor-column elementor-col-100 elementor-top-column elementor-element elementor-element-da17a6b\" data-id=\"da17a6b\" data-element_type=\"column\">\n\t\t\t<div class=\"elementor-widget-wrap elementor-element-populated\">\n\t\t\t\t\t\t<div class=\"elementor-element elementor-element-fb42fc5 elementor-widget elementor-widget-heading\" data-id=\"fb42fc5\" data-element_type=\"widget\" data-widget_type=\"heading.default\">\n\t\t\t\t<div class=\"elementor-widget-container\">\n\t\t\t\t\t<h1 class=\"elementor-heading-title elementor-size-default\">What We Do<\/h1>\t\t\t\t<\/div>\n\t\t\t\t<\/div>\n\t\t\t\t\t<\/div>\n\t\t<\/div>\n\t\t\t\t\t<\/div>\n\t\t<\/section>\n\t\t\t\t<section class=\"elementor-section elementor-top-section elementor-element elementor-element-82369be elementor-section-boxed elementor-section-height-default elementor-section-height-default\" data-id=\"82369be\" data-element_type=\"section\">\n\t\t\t\t\t\t<div class=\"elementor-container elementor-column-gap-default\">\n\t\t\t\t\t<div class=\"elementor-column elementor-col-100 elementor-top-column elementor-element elementor-element-5e48723\" data-id=\"5e48723\" data-element_type=\"column\">\n\t\t\t<div class=\"elementor-widget-wrap elementor-element-populated\">\n\t\t\t\t\t\t<div class=\"elementor-element elementor-element-39dad25 elementor-widget elementor-widget-spacer\" data-id=\"39dad25\" data-element_type=\"widget\" data-widget_type=\"spacer.default\">\n\t\t\t\t<div class=\"elementor-widget-container\">\n\t\t\t\t\t\t\t<div class=\"elementor-spacer\">\n\t\t\t<div class=\"elementor-spacer-inner\"><\/div>\n\t\t<\/div>\n\t\t\t\t\t\t<\/div>\n\t\t\t\t<\/div>\n\t\t\t\t<div class=\"elementor-element elementor-element-1d5066a elementor-widget elementor-widget-text-editor\" data-id=\"1d5066a\" data-element_type=\"widget\" data-widget_type=\"text-editor.default\">\n\t\t\t\t<div class=\"elementor-widget-container\">\n\t\t\t\t\t\t\t\t\t<p style=\"text-align: center;\">En <strong data-start=\"252\" data-end=\"265\">High Dare<\/strong>, ayudamos a las empresas a transformar su gesti\u00f3n de informaci\u00f3n y toma de decisiones estrat\u00e9gicas a trav\u00e9s del an\u00e1lisis de datos, la eficiencia operacional y el marketing. Nos especializamos en desarrollar soluciones avanzadas que permiten rentabilizar carteras, optimizar procesos y avanzar en el camino de la digitalizaci\u00f3n.<\/p>\t\t\t\t\t\t\t\t<\/div>\n\t\t\t\t<\/div>\n\t\t\t\t<div class=\"elementor-element elementor-element-3d92402 elementor-widget elementor-widget-heading\" data-id=\"3d92402\" data-element_type=\"widget\" data-widget_type=\"heading.default\">\n\t\t\t\t<div class=\"elementor-widget-container\">\n\t\t\t\t\t<h2 class=\"elementor-heading-title elementor-size-default\"><br>Nuestra Propuesta de Valor<\/h2>\t\t\t\t<\/div>\n\t\t\t\t<\/div>\n\t\t\t\t<div class=\"elementor-element elementor-element-1d48429 elementor-widget elementor-widget-text-editor\" data-id=\"1d48429\" data-element_type=\"widget\" data-widget_type=\"text-editor.default\">\n\t\t\t\t<div class=\"elementor-widget-container\">\n\t\t\t\t\t\t\t\t\t<p>Nuestra estrategia basada en datos impulsa una toma de decisiones informada, anticipando oportunidades y desaf\u00edos para desarrollar estrategias efectivas que:<\/p><ul><li><span style=\"color: var( --e-global-color-text );\">Mejoran la eficiencia operacional.<br \/><br \/><\/span><\/li><li>Optimizan el uso de recursos y minimizan costos.<br \/><br \/><\/li><li>Aseguran la rentabilidad y sostenibilidad de productos y servicios.<br \/><br \/><\/li><li>Fortalecen la relaci\u00f3n con los clientes, generando preferencia y lealtad en el tiempo.<\/li><\/ul>\t\t\t\t\t\t\t\t<\/div>\n\t\t\t\t<\/div>\n\t\t\t\t<div class=\"elementor-element elementor-element-f395c8d elementor-widget elementor-widget-heading\" data-id=\"f395c8d\" data-element_type=\"widget\" data-widget_type=\"heading.default\">\n\t\t\t\t<div class=\"elementor-widget-container\">\n\t\t\t\t\t<h2 class=\"elementor-heading-title elementor-size-default\"><br>Nuestro Enfoque<\/h2>\t\t\t\t<\/div>\n\t\t\t\t<\/div>\n\t\t\t\t<div class=\"elementor-element elementor-element-5042785 elementor-widget elementor-widget-text-editor\" data-id=\"5042785\" data-element_type=\"widget\" data-widget_type=\"text-editor.default\">\n\t\t\t\t<div class=\"elementor-widget-container\">\n\t\t\t\t\t\t\t\t\t<p class=\"\" data-start=\"1350\" data-end=\"1414\">Abordamos cada desaf\u00edo empresarial desde tres dimensiones clave:<\/p><ol data-start=\"1415\" data-end=\"1720\"><li class=\"\" data-start=\"1415\" data-end=\"1514\"><p class=\"\" data-start=\"1417\" data-end=\"1514\"><strong data-start=\"1417\" data-end=\"1439\">Mercado y Sociedad<\/strong> \u2192 Estrategias de negocio adaptadas al contexto y tendencias del mercado.<\/p><\/li><li class=\"\" data-start=\"1515\" data-end=\"1614\"><p class=\"\" data-start=\"1517\" data-end=\"1614\"><strong data-start=\"1517\" data-end=\"1539\">Procesos y Negocio<\/strong> \u2192 Optimizaci\u00f3n de operaciones, metodolog\u00edas de gesti\u00f3n y digitalizaci\u00f3n.<\/p><\/li><li class=\"\" data-start=\"1615\" data-end=\"1720\"><p class=\"\" data-start=\"1617\" data-end=\"1720\"><strong data-start=\"1617\" data-end=\"1644\">Personas y Consumidores<\/strong> \u2192 Dise\u00f1o de experiencias, tecnolog\u00eda aplicada y customer experience.<\/p><\/li><\/ol><p class=\"\" data-start=\"1722\" data-end=\"1876\">En cada etapa, aplicamos un proceso de <strong data-start=\"1761\" data-end=\"1795\">medici\u00f3n, monitoreo y an\u00e1lisis<\/strong>, asegurando la implementaci\u00f3n de soluciones efectivas y orientadas a resultados.<\/p>\t\t\t\t\t\t\t\t<\/div>\n\t\t\t\t<\/div>\n\t\t\t\t<div class=\"elementor-element elementor-element-9ad61ee elementor-widget elementor-widget-heading\" data-id=\"9ad61ee\" data-element_type=\"widget\" data-widget_type=\"heading.default\">\n\t\t\t\t<div class=\"elementor-widget-container\">\n\t\t\t\t\t<h2 class=\"elementor-heading-title elementor-size-default\"><br>Nuestras L\u00edneas de Acci\u00f3n<\/h2>\t\t\t\t<\/div>\n\t\t\t\t<\/div>\n\t\t\t\t<div class=\"elementor-element elementor-element-67b0639 elementor-widget elementor-widget-text-editor\" data-id=\"67b0639\" data-element_type=\"widget\" data-widget_type=\"text-editor.default\">\n\t\t\t\t<div class=\"elementor-widget-container\">\n\t\t\t\t\t\t\t\t\t<p>Ofrecemos consultor\u00eda y servicios especializados en tres \u00e1reas principales:<\/p>\t\t\t\t\t\t\t\t<\/div>\n\t\t\t\t<\/div>\n\t\t\t\t\t<\/div>\n\t\t<\/div>\n\t\t\t\t\t<\/div>\n\t\t<\/section>\n\t\t\t\t<section class=\"elementor-section elementor-top-section elementor-element elementor-element-f1cf5a0 elementor-section-boxed elementor-section-height-default elementor-section-height-default\" data-id=\"f1cf5a0\" data-element_type=\"section\">\n\t\t\t\t\t\t<div class=\"elementor-container elementor-column-gap-default\">\n\t\t\t\t\t<div class=\"elementor-column elementor-col-33 elementor-top-column elementor-element elementor-element-ce8d38f\" data-id=\"ce8d38f\" data-element_type=\"column\">\n\t\t\t<div class=\"elementor-widget-wrap elementor-element-populated\">\n\t\t\t\t\t\t<div class=\"elementor-element elementor-element-5002525 elementor-position-top elementor-widget elementor-widget-image-box\" data-id=\"5002525\" data-element_type=\"widget\" data-widget_type=\"image-box.default\">\n\t\t\t\t<div class=\"elementor-widget-container\">\n\t\t\t\t\t<div class=\"elementor-image-box-wrapper\"><figure class=\"elementor-image-box-img\"><img fetchpriority=\"high\" decoding=\"async\" width=\"1536\" height=\"1024\" src=\"https:\/\/highdare.com\/wp-content\/uploads\/2025\/03\/Estrategia-y-Transformacion-en-High-Dare.png\" class=\"attachment-full size-full wp-image-6820\" alt=\"\" srcset=\"https:\/\/highdare.com\/wp-content\/uploads\/2025\/03\/Estrategia-y-Transformacion-en-High-Dare.png 1536w, https:\/\/highdare.com\/wp-content\/uploads\/2025\/03\/Estrategia-y-Transformacion-en-High-Dare-300x200.png 300w, https:\/\/highdare.com\/wp-content\/uploads\/2025\/03\/Estrategia-y-Transformacion-en-High-Dare-1024x683.png 1024w, https:\/\/highdare.com\/wp-content\/uploads\/2025\/03\/Estrategia-y-Transformacion-en-High-Dare-768x512.png 768w, https:\/\/highdare.com\/wp-content\/uploads\/2025\/03\/Estrategia-y-Transformacion-en-High-Dare-18x12.png 18w\" sizes=\"(max-width: 1536px) 100vw, 1536px\" \/><\/figure><div class=\"elementor-image-box-content\"><h3 class=\"elementor-image-box-title\">Estrategia y Transformaci\u00f3n<\/h3><p class=\"elementor-image-box-description\">Business Process Management<br>Mejora Continua<br>Simulaci\u00f3n de Procesos<br>Supply Chain Assessment<br>Contact Center &amp; Customer Service<\/p><\/div><\/div>\t\t\t\t<\/div>\n\t\t\t\t<\/div>\n\t\t\t\t\t<\/div>\n\t\t<\/div>\n\t\t\t\t<div class=\"elementor-column elementor-col-33 elementor-top-column elementor-element elementor-element-729b3b0\" data-id=\"729b3b0\" data-element_type=\"column\">\n\t\t\t<div class=\"elementor-widget-wrap elementor-element-populated\">\n\t\t\t\t\t\t<div class=\"elementor-element elementor-element-b3488a4 elementor-position-top elementor-widget elementor-widget-image-box\" data-id=\"b3488a4\" data-element_type=\"widget\" data-widget_type=\"image-box.default\">\n\t\t\t\t<div class=\"elementor-widget-container\">\n\t\t\t\t\t<div class=\"elementor-image-box-wrapper\"><figure class=\"elementor-image-box-img\"><img decoding=\"async\" width=\"1536\" height=\"1024\" src=\"https:\/\/highdare.com\/wp-content\/uploads\/2025\/03\/Datos-y-analitica-en-High-Dare.png\" class=\"attachment-full size-full wp-image-6819\" alt=\"Datos y Analitica en consultoria High Dare\" srcset=\"https:\/\/highdare.com\/wp-content\/uploads\/2025\/03\/Datos-y-analitica-en-High-Dare.png 1536w, https:\/\/highdare.com\/wp-content\/uploads\/2025\/03\/Datos-y-analitica-en-High-Dare-300x200.png 300w, https:\/\/highdare.com\/wp-content\/uploads\/2025\/03\/Datos-y-analitica-en-High-Dare-1024x683.png 1024w, https:\/\/highdare.com\/wp-content\/uploads\/2025\/03\/Datos-y-analitica-en-High-Dare-768x512.png 768w, https:\/\/highdare.com\/wp-content\/uploads\/2025\/03\/Datos-y-analitica-en-High-Dare-18x12.png 18w\" sizes=\"(max-width: 1536px) 100vw, 1536px\" \/><\/figure><div class=\"elementor-image-box-content\"><h3 class=\"elementor-image-box-title\">Datos y Anal\u00edtica<\/h3><p class=\"elementor-image-box-description\">Business intelligence<br>Ciencia de Datos<br>Data Lake y Data Warehouse<br>Information Security<br>Integraci\u00f3n de Sistemas<\/p><\/div><\/div>\t\t\t\t<\/div>\n\t\t\t\t<\/div>\n\t\t\t\t\t<\/div>\n\t\t<\/div>\n\t\t\t\t<div class=\"elementor-column elementor-col-33 elementor-top-column elementor-element elementor-element-4c5b666\" data-id=\"4c5b666\" data-element_type=\"column\">\n\t\t\t<div class=\"elementor-widget-wrap elementor-element-populated\">\n\t\t\t\t\t\t<div class=\"elementor-element elementor-element-23d4ed1 elementor-position-top elementor-widget elementor-widget-image-box\" data-id=\"23d4ed1\" data-element_type=\"widget\" data-widget_type=\"image-box.default\">\n\t\t\t\t<div class=\"elementor-widget-container\">\n\t\t\t\t\t<div class=\"elementor-image-box-wrapper\"><figure class=\"elementor-image-box-img\"><img decoding=\"async\" width=\"1536\" height=\"1024\" src=\"https:\/\/highdare.com\/wp-content\/uploads\/2025\/03\/Marketing-y-Ventas-en-High-Dare.png\" class=\"attachment-full size-full wp-image-6818\" alt=\"Marketing y Ventas en Consultoria High Dare\" srcset=\"https:\/\/highdare.com\/wp-content\/uploads\/2025\/03\/Marketing-y-Ventas-en-High-Dare.png 1536w, https:\/\/highdare.com\/wp-content\/uploads\/2025\/03\/Marketing-y-Ventas-en-High-Dare-300x200.png 300w, https:\/\/highdare.com\/wp-content\/uploads\/2025\/03\/Marketing-y-Ventas-en-High-Dare-1024x683.png 1024w, https:\/\/highdare.com\/wp-content\/uploads\/2025\/03\/Marketing-y-Ventas-en-High-Dare-768x512.png 768w, https:\/\/highdare.com\/wp-content\/uploads\/2025\/03\/Marketing-y-Ventas-en-High-Dare-18x12.png 18w\" sizes=\"(max-width: 1536px) 100vw, 1536px\" \/><\/figure><div class=\"elementor-image-box-content\"><h3 class=\"elementor-image-box-title\">Marketing y Ventas<\/h3><p class=\"elementor-image-box-description\">Customer Loyalty &amp; Fidelizaci\u00f3n<br>Market research<br>Experiencia de Clientes<br>Relational marketing<br>Lead Nurturing y Ecommerce<\/p><\/div><\/div>\t\t\t\t<\/div>\n\t\t\t\t<\/div>\n\t\t\t\t\t<\/div>\n\t\t<\/div>\n\t\t\t\t\t<\/div>\n\t\t<\/section>\n\t\t\t\t<section class=\"elementor-section elementor-top-section elementor-element elementor-element-699d5dd elementor-section-boxed elementor-section-height-default elementor-section-height-default\" data-id=\"699d5dd\" data-element_type=\"section\">\n\t\t\t\t\t\t<div class=\"elementor-container elementor-column-gap-default\">\n\t\t\t\t\t<div class=\"elementor-column elementor-col-100 elementor-top-column elementor-element elementor-element-5f7a7e5\" data-id=\"5f7a7e5\" data-element_type=\"column\">\n\t\t\t<div class=\"elementor-widget-wrap elementor-element-populated\">\n\t\t\t\t\t\t<div class=\"elementor-element elementor-element-86850ba elementor-widget elementor-widget-heading\" data-id=\"86850ba\" data-element_type=\"widget\" data-widget_type=\"heading.default\">\n\t\t\t\t<div class=\"elementor-widget-container\">\n\t\t\t\t\t<h2 class=\"elementor-heading-title elementor-size-default\"><br>\u00bfC\u00f3mo lo Hacemos?<\/h2>\t\t\t\t<\/div>\n\t\t\t\t<\/div>\n\t\t\t\t<div class=\"elementor-element elementor-element-65c25f4 elementor-widget elementor-widget-text-editor\" data-id=\"65c25f4\" data-element_type=\"widget\" data-widget_type=\"text-editor.default\">\n\t\t\t\t<div class=\"elementor-widget-container\">\n\t\t\t\t\t\t\t\t\t<p class=\"\" data-start=\"2584\" data-end=\"2897\">Adaptamos nuestro servicio a las necesidades de cada empresa mediante distintos modelos de colaboraci\u00f3n:<\/p><ul><li data-start=\"2584\" data-end=\"2897\">Consultor\u00eda Estrat\u00e9gica y Transformacional<\/li><li data-start=\"2584\" data-end=\"2897\">Ejecuci\u00f3n de Proyectos Espec\u00edficos<\/li><li data-start=\"2584\" data-end=\"2897\">Servicios de Operaci\u00f3n Continua<\/li><li data-start=\"2584\" data-end=\"2897\">Desarrollo de Soluciones a Medida<\/li><li data-start=\"2584\" data-end=\"2897\">Outsourcing &amp; Offshoring<\/li><\/ul><p class=\"\" data-start=\"2899\" data-end=\"3130\"><br \/>Ya sea apoyando a empresas en la transformaci\u00f3n digital, automatizando procesos clave o potenciando la relaci\u00f3n con sus clientes, en <strong data-start=\"3032\" data-end=\"3129\">High Dare convertimos datos en decisiones inteligentes que impulsan el crecimiento sostenible<\/strong>.<\/p>\t\t\t\t\t\t\t\t<\/div>\n\t\t\t\t<\/div>\n\t\t\t\t\t<\/div>\n\t\t<\/div>\n\t\t\t\t\t<\/div>\n\t\t<\/section>\n\t\t\t\t<\/div>","protected":false},"excerpt":{"rendered":"<p>Qu\u00e9 Hacemos En High Dare, ayudamos a las empresas a transformar su gesti\u00f3n de informaci\u00f3n y toma de decisiones estrat\u00e9gicas a trav\u00e9s del an\u00e1lisis de datos, la eficiencia operacional y el marketing. Nos especializamos en desarrollar soluciones avanzadas que permiten rentabilizar carteras, optimizar procesos y avanzar en el camino de la digitalizaci\u00f3n. Nuestra Propuesta de [&hellip;]<\/p>\n","protected":false},"author":1,"featured_media":0,"parent":0,"menu_order":0,"comment_status":"closed","ping_status":"closed","template":"elementor_header_footer","meta":{"footnotes":""},"class_list":["post-6814","page","type-page","status-publish","hentry"],"aioseo_notices":[],"_links":{"self":[{"href":"https:\/\/highdare.com\/en\/wp-json\/wp\/v2\/pages\/6814"}],"collection":[{"href":"https:\/\/highdare.com\/en\/wp-json\/wp\/v2\/pages"}],"about":[{"href":"https:\/\/highdare.com\/en\/wp-json\/wp\/v2\/types\/page"}],"author":[{"embeddable":true,"href":"https:\/\/highdare.com\/en\/wp-json\/wp\/v2\/users\/1"}],"replies":[{"embeddable":true,"href":"https:\/\/highdare.com\/en\/wp-json\/wp\/v2\/comments?post=6814"}],"version-history":[{"count":15,"href":"https:\/\/highdare.com\/en\/wp-json\/wp\/v2\/pages\/6814\/revisions"}],"predecessor-version":[{"id":6836,"href":"https:\/\/highdare.com\/en\/wp-json\/wp\/v2\/pages\/6814\/revisions\/6836"}],"wp:attachment":[{"href":"https:\/\/highdare.com\/en\/wp-json\/wp\/v2\/media?parent=6814"}],"curies":[{"name":"wp","href":"https:\/\/api.w.org\/{rel}","templated":true}]}}