{"id":6397,"date":"2024-06-27T18:15:02","date_gmt":"2024-06-27T21:15:02","guid":{"rendered":"https:\/\/highdare.com\/?page_id=6397"},"modified":"2024-07-29T12:16:18","modified_gmt":"2024-07-29T15:16:18","slug":"nuestra-metodologia","status":"publish","type":"page","link":"https:\/\/highdare.com\/en\/nuestra-metodologia\/","title":{"rendered":"Our Methodology"},"content":{"rendered":"<div data-elementor-type=\"wp-page\" data-elementor-id=\"6397\" class=\"elementor elementor-6397\">\n\t\t\t\t\t\t<section class=\"elementor-section elementor-top-section elementor-element elementor-element-7ebb94b elementor-section-boxed elementor-section-height-default elementor-section-height-default\" data-id=\"7ebb94b\" data-element_type=\"section\" data-settings=\"{&quot;background_background&quot;:&quot;classic&quot;}\">\n\t\t\t\t\t\t\t<div class=\"elementor-background-overlay\"><\/div>\n\t\t\t\t\t\t\t<div class=\"elementor-container elementor-column-gap-default\">\n\t\t\t\t\t<div class=\"elementor-column elementor-col-100 elementor-top-column elementor-element elementor-element-da17a6b\" data-id=\"da17a6b\" data-element_type=\"column\">\n\t\t\t<div class=\"elementor-widget-wrap elementor-element-populated\">\n\t\t\t\t\t\t<div class=\"elementor-element elementor-element-fb42fc5 elementor-widget elementor-widget-heading\" data-id=\"fb42fc5\" data-element_type=\"widget\" data-widget_type=\"heading.default\">\n\t\t\t\t<div class=\"elementor-widget-container\">\n\t\t\t\t\t<h3 class=\"elementor-heading-title elementor-size-default\">Our Methodology<\/h3>\t\t\t\t<\/div>\n\t\t\t\t<\/div>\n\t\t\t\t\t<\/div>\n\t\t<\/div>\n\t\t\t\t\t<\/div>\n\t\t<\/section>\n\t\t\t\t<section class=\"elementor-section elementor-top-section elementor-element elementor-element-82369be elementor-section-boxed elementor-section-height-default elementor-section-height-default\" data-id=\"82369be\" data-element_type=\"section\">\n\t\t\t\t\t\t<div class=\"elementor-container elementor-column-gap-default\">\n\t\t\t\t\t<div class=\"elementor-column elementor-col-100 elementor-top-column elementor-element elementor-element-5e48723\" data-id=\"5e48723\" data-element_type=\"column\">\n\t\t\t<div class=\"elementor-widget-wrap elementor-element-populated\">\n\t\t\t\t\t\t<div class=\"elementor-element elementor-element-39dad25 elementor-widget elementor-widget-spacer\" data-id=\"39dad25\" data-element_type=\"widget\" data-widget_type=\"spacer.default\">\n\t\t\t\t<div class=\"elementor-widget-container\">\n\t\t\t\t\t\t\t<div class=\"elementor-spacer\">\n\t\t\t<div class=\"elementor-spacer-inner\"><\/div>\n\t\t<\/div>\n\t\t\t\t\t\t<\/div>\n\t\t\t\t<\/div>\n\t\t\t\t<div class=\"elementor-element elementor-element-211bee0 elementor-widget elementor-widget-elementskit-heading\" data-id=\"211bee0\" data-element_type=\"widget\" data-widget_type=\"elementskit-heading.default\">\n\t\t\t\t<div class=\"elementor-widget-container\">\n\t\t\t\t\t<div class=\"ekit-wid-con\" ><div class=\"ekit-heading elementskit-section-title-wraper text_left   ekit_heading_tablet-   ekit_heading_mobile-\"><h3 class=\"elementskit-section-subtitle\">\n\t\t\t\t\t\tOur Methodology\n\t\t\t\t\t<\/h3><h1 class=\"ekit-heading--title elementskit-section-title  ekit-heading__title-has-border start\">Our service offers applied solutions that include a wide range of processes based on data and methodological knowledge. We work with high technology and advanced methods to generate an understanding of human behavior. We seek to enhance the relationship between businesses and their customers by constantly measuring and analyzing results, learning, and improving from them.<\/h1><div class=\"ekit_heading_separetor_wraper ekit_heading_elementskit-border-divider elementskit-style-long\"><div class=\"elementskit-border-divider elementskit-style-long\"><\/div><\/div><\/div><\/div>\t\t\t\t<\/div>\n\t\t\t\t<\/div>\n\t\t\t\t\t<\/div>\n\t\t<\/div>\n\t\t\t\t\t<\/div>\n\t\t<\/section>\n\t\t\t\t<section class=\"elementor-section elementor-top-section elementor-element elementor-element-f1cf5a0 elementor-section-boxed elementor-section-height-default elementor-section-height-default\" data-id=\"f1cf5a0\" data-element_type=\"section\">\n\t\t\t\t\t\t<div class=\"elementor-container elementor-column-gap-default\">\n\t\t\t\t\t<div class=\"elementor-column elementor-col-50 elementor-top-column elementor-element elementor-element-0fd3b2b\" data-id=\"0fd3b2b\" data-element_type=\"column\">\n\t\t\t<div class=\"elementor-widget-wrap elementor-element-populated\">\n\t\t\t\t\t\t<div class=\"elementor-element elementor-element-1607269 elementor-position-top elementor-widget elementor-widget-image-box\" data-id=\"1607269\" data-element_type=\"widget\" data-widget_type=\"image-box.default\">\n\t\t\t\t<div class=\"elementor-widget-container\">\n\t\t\t\t\t<div class=\"elementor-image-box-wrapper\"><figure class=\"elementor-image-box-img\"><img fetchpriority=\"high\" decoding=\"async\" width=\"500\" height=\"340\" src=\"https:\/\/highdare.com\/wp-content\/uploads\/2024\/06\/img_bigdata.jpg\" class=\"attachment-full size-full wp-image-6355\" alt=\"\" srcset=\"https:\/\/highdare.com\/wp-content\/uploads\/2024\/06\/img_bigdata.jpg 500w, https:\/\/highdare.com\/wp-content\/uploads\/2024\/06\/img_bigdata-300x204.jpg 300w\" sizes=\"(max-width: 500px) 100vw, 500px\" \/><\/figure><div class=\"elementor-image-box-content\"><h3 class=\"elementor-image-box-title\">Automation and Integration<\/h3><p class=\"elementor-image-box-description\">Each solution or improvement process is developed through automated processes, by means of integrations in each operating system or ERP used by the clients. Our technical team evaluates each case and plans the stages of integration in a QA environment, carrying out the necessary tests and simulating possible scenarios. With everything verified, the integration is finalised and the change is generated.<\/p><\/div><\/div>\t\t\t\t<\/div>\n\t\t\t\t<\/div>\n\t\t\t\t\t<\/div>\n\t\t<\/div>\n\t\t\t\t<div class=\"elementor-column elementor-col-50 elementor-top-column elementor-element elementor-element-7fd5f73\" data-id=\"7fd5f73\" data-element_type=\"column\">\n\t\t\t<div class=\"elementor-widget-wrap elementor-element-populated\">\n\t\t\t\t\t\t<div class=\"elementor-element elementor-element-1b6309a elementor-position-top elementor-widget elementor-widget-image-box\" data-id=\"1b6309a\" data-element_type=\"widget\" data-widget_type=\"image-box.default\">\n\t\t\t\t<div class=\"elementor-widget-container\">\n\t\t\t\t\t<div class=\"elementor-image-box-wrapper\"><figure class=\"elementor-image-box-img\"><img fetchpriority=\"high\" decoding=\"async\" width=\"500\" height=\"340\" src=\"https:\/\/highdare.com\/wp-content\/uploads\/2024\/06\/img_bigdata.jpg\" class=\"attachment-full size-full wp-image-6355\" alt=\"\" srcset=\"https:\/\/highdare.com\/wp-content\/uploads\/2024\/06\/img_bigdata.jpg 500w, https:\/\/highdare.com\/wp-content\/uploads\/2024\/06\/img_bigdata-300x204.jpg 300w\" sizes=\"(max-width: 500px) 100vw, 500px\" \/><\/figure><div class=\"elementor-image-box-content\"><h3 class=\"elementor-image-box-title\">Tailor-made Developments<\/h3><p class=\"elementor-image-box-description\">Our developments are tailor-made, understanding the needs of each business or taking advantage of synergies of packaged solutions, with customisations or adjustments to the business, which can generate an excellent cost\/benefit ratio. Highdare's differentiating factor is to analyse the results of these developments, understand them and interpret them hand in hand with our clients.<\/p><\/div><\/div>\t\t\t\t<\/div>\n\t\t\t\t<\/div>\n\t\t\t\t\t<\/div>\n\t\t<\/div>\n\t\t\t\t\t<\/div>\n\t\t<\/section>\n\t\t\t\t<section class=\"elementor-section elementor-top-section elementor-element elementor-element-8839f2e elementor-section-boxed elementor-section-height-default elementor-section-height-default\" data-id=\"8839f2e\" data-element_type=\"section\">\n\t\t\t\t\t\t<div class=\"elementor-container elementor-column-gap-default\">\n\t\t\t\t\t<div class=\"elementor-column elementor-col-50 elementor-top-column elementor-element elementor-element-c82c9cb\" data-id=\"c82c9cb\" data-element_type=\"column\">\n\t\t\t<div class=\"elementor-widget-wrap elementor-element-populated\">\n\t\t\t\t\t\t<div class=\"elementor-element elementor-element-cbd190f elementor-position-top elementor-widget elementor-widget-image-box\" data-id=\"cbd190f\" data-element_type=\"widget\" data-widget_type=\"image-box.default\">\n\t\t\t\t<div class=\"elementor-widget-container\">\n\t\t\t\t\t<div class=\"elementor-image-box-wrapper\"><figure class=\"elementor-image-box-img\"><img fetchpriority=\"high\" decoding=\"async\" width=\"500\" height=\"340\" src=\"https:\/\/highdare.com\/wp-content\/uploads\/2024\/06\/img_bigdata.jpg\" class=\"attachment-full size-full wp-image-6355\" alt=\"\" srcset=\"https:\/\/highdare.com\/wp-content\/uploads\/2024\/06\/img_bigdata.jpg 500w, https:\/\/highdare.com\/wp-content\/uploads\/2024\/06\/img_bigdata-300x204.jpg 300w\" sizes=\"(max-width: 500px) 100vw, 500px\" \/><\/figure><div class=\"elementor-image-box-content\"><h3 class=\"elementor-image-box-title\">Agile<\/h3><p class=\"elementor-image-box-description\">Each project is developed using the agile methodology, which allows for constant feedback with the client through short cycles. This makes the delivery process more efficient in both time and form. <\/p><\/div><\/div>\t\t\t\t<\/div>\n\t\t\t\t<\/div>\n\t\t\t\t\t<\/div>\n\t\t<\/div>\n\t\t\t\t<div class=\"elementor-column elementor-col-50 elementor-top-column elementor-element elementor-element-3123885\" data-id=\"3123885\" data-element_type=\"column\">\n\t\t\t<div class=\"elementor-widget-wrap elementor-element-populated\">\n\t\t\t\t\t\t<div class=\"elementor-element elementor-element-e444419 elementor-position-top elementor-widget elementor-widget-image-box\" data-id=\"e444419\" data-element_type=\"widget\" data-widget_type=\"image-box.default\">\n\t\t\t\t<div class=\"elementor-widget-container\">\n\t\t\t\t\t<div class=\"elementor-image-box-wrapper\"><figure class=\"elementor-image-box-img\"><img fetchpriority=\"high\" decoding=\"async\" width=\"500\" height=\"340\" src=\"https:\/\/highdare.com\/wp-content\/uploads\/2024\/06\/img_bigdata.jpg\" class=\"attachment-full size-full wp-image-6355\" alt=\"\" srcset=\"https:\/\/highdare.com\/wp-content\/uploads\/2024\/06\/img_bigdata.jpg 500w, https:\/\/highdare.com\/wp-content\/uploads\/2024\/06\/img_bigdata-300x204.jpg 300w\" sizes=\"(max-width: 500px) 100vw, 500px\" \/><\/figure><div class=\"elementor-image-box-content\"><h3 class=\"elementor-image-box-title\">LEAN<\/h3><p class=\"elementor-image-box-description\">The implementation of the project (once completed) is done through the lean methodology, which allows to reduce the investment, time and effort in the problem being solved.<\/p><\/div><\/div>\t\t\t\t<\/div>\n\t\t\t\t<\/div>\n\t\t\t\t\t<\/div>\n\t\t<\/div>\n\t\t\t\t\t<\/div>\n\t\t<\/section>\n\t\t\t\t<section class=\"elementor-section elementor-top-section elementor-element elementor-element-699d5dd elementor-section-boxed elementor-section-height-default elementor-section-height-default\" data-id=\"699d5dd\" data-element_type=\"section\">\n\t\t\t\t\t\t<div class=\"elementor-container elementor-column-gap-default\">\n\t\t\t\t\t<div class=\"elementor-column elementor-col-100 elementor-top-column elementor-element elementor-element-5f7a7e5\" data-id=\"5f7a7e5\" data-element_type=\"column\">\n\t\t\t<div class=\"elementor-widget-wrap elementor-element-populated\">\n\t\t\t\t\t\t<div class=\"elementor-element elementor-element-7e67d32 elementor-widget elementor-widget-spacer\" data-id=\"7e67d32\" data-element_type=\"widget\" data-widget_type=\"spacer.default\">\n\t\t\t\t<div class=\"elementor-widget-container\">\n\t\t\t\t\t\t\t<div class=\"elementor-spacer\">\n\t\t\t<div class=\"elementor-spacer-inner\"><\/div>\n\t\t<\/div>\n\t\t\t\t\t\t<\/div>\n\t\t\t\t<\/div>\n\t\t\t\t<div class=\"elementor-element elementor-element-b387e59 elementor-widget elementor-widget-heading\" data-id=\"b387e59\" data-element_type=\"widget\" data-widget_type=\"heading.default\">\n\t\t\t\t<div class=\"elementor-widget-container\">\n\t\t\t\t\t<h1 class=\"elementor-heading-title elementor-size-default\">\"You need us; thus, we exist.\"<\/h1>\t\t\t\t<\/div>\n\t\t\t\t<\/div>\n\t\t\t\t<div class=\"elementor-element elementor-element-559cf45 elementor-widget elementor-widget-elementskit-heading\" data-id=\"559cf45\" data-element_type=\"widget\" data-widget_type=\"elementskit-heading.default\">\n\t\t\t\t<div class=\"elementor-widget-container\">\n\t\t\t\t\t<div class=\"ekit-wid-con\" ><div class=\"ekit-heading elementskit-section-title-wraper text_left   ekit_heading_tablet-   ekit_heading_mobile-\"><h3 class=\"elementskit-section-subtitle\">\n\t\t\t\t\t\tWho Are We?\n\t\t\t\t\t<\/h3>\t\t\t\t<div class='ekit-heading__description'>\n\t\t\t\t\t<p>We are a company whose raison d'\u00eatre is data, information and the generation of knowledge (today called Data-Driven) for the companies we work with. Our base is high technology and the use of methodologies that seek to guarantee results, mitigating the common risks that all initiatives based on Data and Technology have. We work with data, providing business intelligence, engineering and data science services. With the data we work with our Relationship Marketing services, carrying out campaigns through multiple channels: email, social media, SMS, WSP, telephone, etc. The basis of our actions is the knowledge of each client. Our focus is to measure and understand the results in order to continuously improve the processes.<\/p>\n<p>We are specialists. Our business is that we know what we are talking about, we focus on generating results for the business and not only on technological solutions. Technology, methodologies and the different lines of business we have are not an end, they are a means to achieve business results.<\/p>\n<p>We have a team of top-level professionals, we put ourselves in the client's shoes and we are committed to their objectives. In our Market Research and Relationship Marketing lines, professionals from the arts, literature and human behaviour, such as psychologists, sociologists, publicists, journalists, designers, etc. work side by side with STEM teams (from the fields of science, engineering, technology and mathematics).<\/p>\n\t\t\t\t<\/div>\n\t\t\t<div class=\"ekit_heading_separetor_wraper ekit_heading_elementskit-border-divider elementskit-style-long\"><div class=\"elementskit-border-divider elementskit-style-long\"><\/div><\/div><\/div><\/div>\t\t\t\t<\/div>\n\t\t\t\t<\/div>\n\t\t\t\t\t<\/div>\n\t\t<\/div>\n\t\t\t\t\t<\/div>\n\t\t<\/section>\n\t\t\t\t<\/div>","protected":false},"excerpt":{"rendered":"<p>Nuestra Metodolog\u00eda Nuestra metodolog\u00eda Nuestro servicio ofrece soluciones aplicadas que incluyen una amplia gama de procesos basados en datos y conocimiento metodol\u00f3gico. Trabajamos con alta tecnolog\u00eda y con m\u00e9todos avanzados para generar entendimiento del comportamiento humano. buscamos potenciar la relaci\u00f3n de los negocios con sus clientes, midiendo y analizando constantemente los resultados, aprendiendo y mejorando [&hellip;]<\/p>\n","protected":false},"author":1,"featured_media":0,"parent":0,"menu_order":0,"comment_status":"closed","ping_status":"closed","template":"elementor_header_footer","meta":{"footnotes":""},"class_list":["post-6397","page","type-page","status-publish","hentry"],"aioseo_notices":[],"_links":{"self":[{"href":"https:\/\/highdare.com\/en\/wp-json\/wp\/v2\/pages\/6397"}],"collection":[{"href":"https:\/\/highdare.com\/en\/wp-json\/wp\/v2\/pages"}],"about":[{"href":"https:\/\/highdare.com\/en\/wp-json\/wp\/v2\/types\/page"}],"author":[{"embeddable":true,"href":"https:\/\/highdare.com\/en\/wp-json\/wp\/v2\/users\/1"}],"replies":[{"embeddable":true,"href":"https:\/\/highdare.com\/en\/wp-json\/wp\/v2\/comments?post=6397"}],"version-history":[{"count":10,"href":"https:\/\/highdare.com\/en\/wp-json\/wp\/v2\/pages\/6397\/revisions"}],"predecessor-version":[{"id":6756,"href":"https:\/\/highdare.com\/en\/wp-json\/wp\/v2\/pages\/6397\/revisions\/6756"}],"wp:attachment":[{"href":"https:\/\/highdare.com\/en\/wp-json\/wp\/v2\/media?parent=6397"}],"curies":[{"name":"wp","href":"https:\/\/api.w.org\/{rel}","templated":true}]}}