{"id":5465,"date":"2019-12-20T05:08:20","date_gmt":"2019-12-20T05:08:20","guid":{"rendered":"http:\/\/172.233.12.166\/?page_id=5465"},"modified":"2024-07-22T08:47:17","modified_gmt":"2024-07-22T11:47:17","slug":"ecommerce","status":"publish","type":"page","link":"https:\/\/highdare.com\/en\/ecommerce\/","title":{"rendered":"ecommerce"},"content":{"rendered":"<div data-elementor-type=\"wp-page\" data-elementor-id=\"5465\" class=\"elementor elementor-5465\">\n\t\t\t\t\t\t<section class=\"elementor-section elementor-top-section elementor-element elementor-element-e93f762 elementor-section-boxed elementor-section-height-default elementor-section-height-default\" data-id=\"e93f762\" data-element_type=\"section\" data-settings=\"{&quot;background_background&quot;:&quot;classic&quot;}\">\n\t\t\t\t\t\t\t<div class=\"elementor-background-overlay\"><\/div>\n\t\t\t\t\t\t\t<div class=\"elementor-container elementor-column-gap-default\">\n\t\t\t\t\t<div class=\"elementor-column elementor-col-100 elementor-top-column elementor-element elementor-element-fd1242c\" data-id=\"fd1242c\" data-element_type=\"column\">\n\t\t\t<div class=\"elementor-widget-wrap elementor-element-populated\">\n\t\t\t\t\t\t<div class=\"elementor-element elementor-element-05b11cd elementor-widget elementor-widget-heading\" data-id=\"05b11cd\" data-element_type=\"widget\" data-widget_type=\"heading.default\">\n\t\t\t\t<div class=\"elementor-widget-container\">\n\t\t\t\t\t<h3 class=\"elementor-heading-title elementor-size-default\">E-Commerce<\/h3>\t\t\t\t<\/div>\n\t\t\t\t<\/div>\n\t\t\t\t\t<\/div>\n\t\t<\/div>\n\t\t\t\t\t<\/div>\n\t\t<\/section>\n\t\t\t\t<section class=\"elementor-section elementor-top-section elementor-element elementor-element-01f4a65 elementor-section-boxed elementor-section-height-default elementor-section-height-default\" data-id=\"01f4a65\" data-element_type=\"section\">\n\t\t\t\t\t\t<div class=\"elementor-container elementor-column-gap-default\">\n\t\t\t\t\t<div class=\"elementor-column elementor-col-100 elementor-top-column elementor-element elementor-element-5b66b52\" data-id=\"5b66b52\" data-element_type=\"column\">\n\t\t\t<div class=\"elementor-widget-wrap elementor-element-populated\">\n\t\t\t\t\t\t<div class=\"elementor-element elementor-element-1e38c82 elementor-widget elementor-widget-elementskit-heading\" data-id=\"1e38c82\" data-element_type=\"widget\" data-widget_type=\"elementskit-heading.default\">\n\t\t\t\t<div class=\"elementor-widget-container\">\n\t\t\t\t\t<div class=\"ekit-wid-con\" ><div class=\"ekit-heading elementskit-section-title-wraper text_left   ekit_heading_tablet-   ekit_heading_mobile-\"><h3 class=\"elementskit-section-subtitle\">\n\t\t\t\t\t\tThe best e-commerce is the one that adapts to the needs of each business.\n\t\t\t\t\t<\/h3><h1 class=\"ekit-heading--title elementskit-section-title  ekit-heading__title-has-border start\">Connecting buyers and sellers through various electronic channels.<\/h1>\t\t\t\t<div class='ekit-heading__description'>\n\t\t\t\t\t<p>Technology has enabled the creation of online platforms where consumers are able to access a wide range of particular products and services in just a few clicks. <strong>Some of the technological solutions related to the e-commerce value chain are: cloud platforms, web development, mobile applications, Artificial Intelligence (AI), Edge Computing, Digital Marketing, CRM, email marketing, automation, Big Data, data science, Cybersecurity, instant messaging applications, among many others. <\/strong><\/p>\n\t\t\t\t<\/div>\n\t\t\t<div class=\"ekit_heading_separetor_wraper ekit_heading_elementskit-border-divider elementskit-style-long\"><div class=\"elementskit-border-divider elementskit-style-long\"><\/div><\/div><\/div><\/div>\t\t\t\t<\/div>\n\t\t\t\t<\/div>\n\t\t\t\t<div class=\"elementor-element elementor-element-8d536be gallery-spacing-custom elementor-widget elementor-widget-image-gallery\" data-id=\"8d536be\" data-element_type=\"widget\" data-widget_type=\"image-gallery.default\">\n\t\t\t\t<div class=\"elementor-widget-container\">\n\t\t\t\t\t\t\t<div class=\"elementor-image-gallery\">\n\t\t\t<div id='gallery-1' class='gallery galleryid-5465 gallery-columns-2 gallery-size-full'><figure class='gallery-item'>\n\t\t\t<div class='gallery-icon landscape'>\n\t\t\t\t<img fetchpriority=\"high\" decoding=\"async\" width=\"540\" height=\"320\" src=\"https:\/\/highdare.com\/wp-content\/uploads\/2024\/06\/img_ecommerce02.jpg\" class=\"attachment-full size-full\" alt=\"\" srcset=\"https:\/\/highdare.com\/wp-content\/uploads\/2024\/06\/img_ecommerce02.jpg 540w, https:\/\/highdare.com\/wp-content\/uploads\/2024\/06\/img_ecommerce02-300x178.jpg 300w\" sizes=\"(max-width: 540px) 100vw, 540px\" \/>\n\t\t\t<\/div><\/figure><figure class='gallery-item'>\n\t\t\t<div class='gallery-icon landscape'>\n\t\t\t\t<img decoding=\"async\" width=\"540\" height=\"320\" src=\"https:\/\/highdare.com\/wp-content\/uploads\/2024\/06\/img_ecommerce01.jpg\" class=\"attachment-full size-full\" alt=\"\" srcset=\"https:\/\/highdare.com\/wp-content\/uploads\/2024\/06\/img_ecommerce01.jpg 540w, https:\/\/highdare.com\/wp-content\/uploads\/2024\/06\/img_ecommerce01-300x178.jpg 300w\" sizes=\"(max-width: 540px) 100vw, 540px\" \/>\n\t\t\t<\/div><\/figure>\n\t\t<\/div>\n\t\t<\/div>\n\t\t\t\t\t\t<\/div>\n\t\t\t\t<\/div>\n\t\t\t\t<div class=\"elementor-element elementor-element-57ebb59 elementor-widget elementor-widget-elementskit-heading\" data-id=\"57ebb59\" data-element_type=\"widget\" data-widget_type=\"elementskit-heading.default\">\n\t\t\t\t<div class=\"elementor-widget-container\">\n\t\t\t\t\t<div class=\"ekit-wid-con\" ><div class=\"ekit-heading elementskit-section-title-wraper text_left   ekit_heading_tablet-   ekit_heading_mobile-\"><h3 class=\"elementskit-section-subtitle\">\n\t\t\t\t\t\tWhy Choose Us?\n\t\t\t\t\t<\/h3>\t\t\t\t<div class='ekit-heading__description'>\n\t\t\t\t\t<p>We have practical experience in <strong>implementing e-commerce solutions, from technical enablement, commercial operation, marketing to logistics integration<\/strong>. An e-commerce is not just a website, it is a particular way of interacting with customers and doing business. To start an e-commerce business, we can mount it on an existing solution (with tools such as: Shopify, Jumpseller, WooCommerce, PrestaShop, Magento, Palbin, etc.) which generates speed in the implementation; the other option is to perform a custom development from scratch, which allows to understand and adapt the solution to the needs of each individual business. There is also the possibility of implementing a hybrid solution, in which synergies of packaged solutions are taken advantage of, with customisations or adjustments tailored to that business. <strong>At Highdare we analyse, design and implement specific solutions for each company and business, seeking to generate the best result in terms of cost\/benefit.<\/strong><\/p>\n\t\t\t\t<\/div>\n\t\t\t<div class=\"ekit_heading_separetor_wraper ekit_heading_elementskit-border-divider elementskit-style-long\"><div class=\"elementskit-border-divider elementskit-style-long\"><\/div><\/div><\/div><\/div>\t\t\t\t<\/div>\n\t\t\t\t<\/div>\n\t\t\t\t\t<\/div>\n\t\t<\/div>\n\t\t\t\t\t<\/div>\n\t\t<\/section>\n\t\t\t\t<\/div>","protected":false},"excerpt":{"rendered":"<p>E-Commerce El mejor e-commerce es el que se adapta a las necesidades de cada negocio. Conecta a compradores y vendedores a trav\u00e9s de varios canales electr\u00f3nicos. La Tecnolog\u00eda ha permitido la creaci\u00f3n de plataformas online donde los consumidores pueden acceder a una amplia variedad de productos y servicios con tan solo unos clics. Algunas de [&hellip;]<\/p>\n","protected":false},"author":1,"featured_media":0,"parent":0,"menu_order":0,"comment_status":"closed","ping_status":"closed","template":"elementor_header_footer","meta":{"footnotes":""},"class_list":["post-5465","page","type-page","status-publish","hentry"],"aioseo_notices":[],"_links":{"self":[{"href":"https:\/\/highdare.com\/en\/wp-json\/wp\/v2\/pages\/5465"}],"collection":[{"href":"https:\/\/highdare.com\/en\/wp-json\/wp\/v2\/pages"}],"about":[{"href":"https:\/\/highdare.com\/en\/wp-json\/wp\/v2\/types\/page"}],"author":[{"embeddable":true,"href":"https:\/\/highdare.com\/en\/wp-json\/wp\/v2\/users\/1"}],"replies":[{"embeddable":true,"href":"https:\/\/highdare.com\/en\/wp-json\/wp\/v2\/comments?post=5465"}],"version-history":[{"count":26,"href":"https:\/\/highdare.com\/en\/wp-json\/wp\/v2\/pages\/5465\/revisions"}],"predecessor-version":[{"id":6595,"href":"https:\/\/highdare.com\/en\/wp-json\/wp\/v2\/pages\/5465\/revisions\/6595"}],"wp:attachment":[{"href":"https:\/\/highdare.com\/en\/wp-json\/wp\/v2\/media?parent=5465"}],"curies":[{"name":"wp","href":"https:\/\/api.w.org\/{rel}","templated":true}]}}