{"id":1884,"date":"2019-07-08T12:41:52","date_gmt":"2019-07-08T12:41:52","guid":{"rendered":"http:\/\/172.233.12.166\/?page_id=1884"},"modified":"2024-07-29T08:11:31","modified_gmt":"2024-07-29T11:11:31","slug":"marketing-relacional","status":"publish","type":"page","link":"https:\/\/highdare.com\/en\/marketing-relacional\/","title":{"rendered":"Relational marketing"},"content":{"rendered":"<div data-elementor-type=\"wp-page\" data-elementor-id=\"1884\" class=\"elementor elementor-1884\">\n\t\t\t\t\t\t<section class=\"elementor-section elementor-top-section elementor-element elementor-element-dce54bc elementor-section-boxed elementor-section-height-default elementor-section-height-default\" data-id=\"dce54bc\" data-element_type=\"section\" data-settings=\"{&quot;background_background&quot;:&quot;classic&quot;}\">\n\t\t\t\t\t\t\t<div class=\"elementor-background-overlay\"><\/div>\n\t\t\t\t\t\t\t<div class=\"elementor-container elementor-column-gap-default\">\n\t\t\t\t\t<div class=\"elementor-column elementor-col-100 elementor-top-column elementor-element elementor-element-39b7c8b\" data-id=\"39b7c8b\" data-element_type=\"column\">\n\t\t\t<div class=\"elementor-widget-wrap elementor-element-populated\">\n\t\t\t\t\t\t<div class=\"elementor-element elementor-element-7dedbfb elementor-widget elementor-widget-heading\" data-id=\"7dedbfb\" data-element_type=\"widget\" data-widget_type=\"heading.default\">\n\t\t\t\t<div class=\"elementor-widget-container\">\n\t\t\t\t\t<h3 class=\"elementor-heading-title elementor-size-default\">Relational marketing<\/h3>\t\t\t\t<\/div>\n\t\t\t\t<\/div>\n\t\t\t\t\t<\/div>\n\t\t<\/div>\n\t\t\t\t\t<\/div>\n\t\t<\/section>\n\t\t\t\t<section class=\"elementor-section elementor-top-section elementor-element elementor-element-47a28ab elementor-section-boxed elementor-section-height-default elementor-section-height-default\" data-id=\"47a28ab\" data-element_type=\"section\">\n\t\t\t\t\t\t<div class=\"elementor-container elementor-column-gap-default\">\n\t\t\t\t\t<div class=\"elementor-column elementor-col-100 elementor-top-column elementor-element elementor-element-3b1a3ef\" data-id=\"3b1a3ef\" data-element_type=\"column\">\n\t\t\t<div class=\"elementor-widget-wrap elementor-element-populated\">\n\t\t\t\t\t\t<div class=\"elementor-element elementor-element-c1c1840 elementor-widget elementor-widget-spacer\" data-id=\"c1c1840\" data-element_type=\"widget\" data-widget_type=\"spacer.default\">\n\t\t\t\t<div class=\"elementor-widget-container\">\n\t\t\t\t\t\t\t<div class=\"elementor-spacer\">\n\t\t\t<div class=\"elementor-spacer-inner\"><\/div>\n\t\t<\/div>\n\t\t\t\t\t\t<\/div>\n\t\t\t\t<\/div>\n\t\t\t\t<div class=\"elementor-element elementor-element-9317acd elementor-widget elementor-widget-elementskit-heading\" data-id=\"9317acd\" data-element_type=\"widget\" data-widget_type=\"elementskit-heading.default\">\n\t\t\t\t<div class=\"elementor-widget-container\">\n\t\t\t\t\t<div class=\"ekit-wid-con\" ><div class=\"ekit-heading elementskit-section-title-wraper text_left   ekit_heading_tablet-   ekit_heading_mobile-\"><h1 class=\"ekit-heading--title elementskit-section-title  ekit-heading__title-has-border start\">Relationship Marketing focuses on providing relevant value to users in order to retain them, build loyalty, and create confidence that sales will materialize on their own.<\/h1><div class=\"ekit_heading_separetor_wraper ekit_heading_elementskit-border-divider elementskit-style-long\"><div class=\"elementskit-border-divider elementskit-style-long\"><\/div><\/div><\/div><\/div>\t\t\t\t<\/div>\n\t\t\t\t<\/div>\n\t\t\t\t\t<\/div>\n\t\t<\/div>\n\t\t\t\t\t<\/div>\n\t\t<\/section>\n\t\t\t\t<section class=\"elementor-section elementor-top-section elementor-element elementor-element-5d3e19a elementor-section-boxed elementor-section-height-default elementor-section-height-default\" data-id=\"5d3e19a\" data-element_type=\"section\">\n\t\t\t\t\t\t<div class=\"elementor-container elementor-column-gap-default\">\n\t\t\t\t\t<div class=\"elementor-column elementor-col-50 elementor-top-column elementor-element elementor-element-d44a700\" data-id=\"d44a700\" data-element_type=\"column\">\n\t\t\t<div class=\"elementor-widget-wrap elementor-element-populated\">\n\t\t\t\t\t\t<div class=\"elementor-element elementor-element-c9f30f4 elementor-position-top elementor-widget elementor-widget-image-box\" data-id=\"c9f30f4\" data-element_type=\"widget\" data-widget_type=\"image-box.default\">\n\t\t\t\t<div class=\"elementor-widget-container\">\n\t\t\t\t\t<div class=\"elementor-image-box-wrapper\"><figure class=\"elementor-image-box-img\"><img fetchpriority=\"high\" decoding=\"async\" width=\"500\" height=\"340\" src=\"https:\/\/highdare.com\/wp-content\/uploads\/2024\/07\/crm.jpg\" class=\"attachment-full size-full wp-image-6459\" alt=\"\" srcset=\"https:\/\/highdare.com\/wp-content\/uploads\/2024\/07\/crm.jpg 500w, https:\/\/highdare.com\/wp-content\/uploads\/2024\/07\/crm-300x204.jpg 300w\" sizes=\"(max-width: 500px) 100vw, 500px\" \/><\/figure><div class=\"elementor-image-box-content\"><h3 class=\"elementor-image-box-title\">CRM<\/h3><p class=\"elementor-image-box-description\">A customer-centric set of practices in business strategies and technologies. Allows companies to track every interaction with current users, leads, and customers.<\/p><\/div><\/div>\t\t\t\t<\/div>\n\t\t\t\t<\/div>\n\t\t\t\t\t<\/div>\n\t\t<\/div>\n\t\t\t\t<div class=\"elementor-column elementor-col-50 elementor-top-column elementor-element elementor-element-ad9c4fa\" data-id=\"ad9c4fa\" data-element_type=\"column\">\n\t\t\t<div class=\"elementor-widget-wrap elementor-element-populated\">\n\t\t\t\t\t\t<div class=\"elementor-element elementor-element-45a7180 elementor-position-top elementor-widget elementor-widget-image-box\" data-id=\"45a7180\" data-element_type=\"widget\" data-widget_type=\"image-box.default\">\n\t\t\t\t<div class=\"elementor-widget-container\">\n\t\t\t\t\t<div class=\"elementor-image-box-wrapper\"><figure class=\"elementor-image-box-img\"><img decoding=\"async\" width=\"500\" height=\"340\" src=\"https:\/\/highdare.com\/wp-content\/uploads\/2024\/07\/campana-multicanal.jpg\" class=\"attachment-full size-full wp-image-6460\" alt=\"\" srcset=\"https:\/\/highdare.com\/wp-content\/uploads\/2024\/07\/campana-multicanal.jpg 500w, https:\/\/highdare.com\/wp-content\/uploads\/2024\/07\/campana-multicanal-300x204.jpg 300w\" sizes=\"(max-width: 500px) 100vw, 500px\" \/><\/figure><div class=\"elementor-image-box-content\"><h3 class=\"elementor-image-box-title\">Multichannel Campaign<\/h3><p class=\"elementor-image-box-description\">Improves brand recognition, ensures consistency in the transmission of ideas, reaches customers through their preferred channels, and generates business opportunities. Leverage more than one communication platform (for example, E-Mail Marketing) to implement sales campaigns and extend to more audience.<\/p><\/div><\/div>\t\t\t\t<\/div>\n\t\t\t\t<\/div>\n\t\t\t\t\t<\/div>\n\t\t<\/div>\n\t\t\t\t\t<\/div>\n\t\t<\/section>\n\t\t\t\t<section class=\"elementor-section elementor-top-section elementor-element elementor-element-02be716 elementor-section-boxed elementor-section-height-default elementor-section-height-default\" data-id=\"02be716\" data-element_type=\"section\">\n\t\t\t\t\t\t<div class=\"elementor-container elementor-column-gap-default\">\n\t\t\t\t\t<div class=\"elementor-column elementor-col-50 elementor-top-column elementor-element elementor-element-7f1efa1\" data-id=\"7f1efa1\" data-element_type=\"column\">\n\t\t\t<div class=\"elementor-widget-wrap elementor-element-populated\">\n\t\t\t\t\t\t<div class=\"elementor-element elementor-element-c87989c elementor-position-top elementor-widget elementor-widget-image-box\" data-id=\"c87989c\" data-element_type=\"widget\" data-widget_type=\"image-box.default\">\n\t\t\t\t<div class=\"elementor-widget-container\">\n\t\t\t\t\t<div class=\"elementor-image-box-wrapper\"><figure class=\"elementor-image-box-img\"><img decoding=\"async\" width=\"500\" height=\"340\" src=\"https:\/\/highdare.com\/wp-content\/uploads\/2024\/07\/La-lealtad-del-cliente-es-el-Santo-Grial.jpg\" class=\"attachment-full size-full wp-image-6461\" alt=\"\" srcset=\"https:\/\/highdare.com\/wp-content\/uploads\/2024\/07\/La-lealtad-del-cliente-es-el-Santo-Grial.jpg 500w, https:\/\/highdare.com\/wp-content\/uploads\/2024\/07\/La-lealtad-del-cliente-es-el-Santo-Grial-300x204.jpg 300w\" sizes=\"(max-width: 500px) 100vw, 500px\" \/><\/figure><div class=\"elementor-image-box-content\"><h3 class=\"elementor-image-box-title\">Customer loyalty is the Holy Grail<\/h3><p class=\"elementor-image-box-description\">The goal. The raison d'\u00eatre of many companies. It is earned through consistent actions, solid relationships and mutual respect. There are many alternatives to build loyalty (MailChimp, email marketing, Sales Force, etc.).<\/p><\/div><\/div>\t\t\t\t<\/div>\n\t\t\t\t<\/div>\n\t\t\t\t\t<\/div>\n\t\t<\/div>\n\t\t\t\t<div class=\"elementor-column elementor-col-50 elementor-top-column elementor-element elementor-element-5c2567e\" data-id=\"5c2567e\" data-element_type=\"column\">\n\t\t\t<div class=\"elementor-widget-wrap elementor-element-populated\">\n\t\t\t\t\t\t<div class=\"elementor-element elementor-element-68771cc elementor-position-top elementor-widget elementor-widget-image-box\" data-id=\"68771cc\" data-element_type=\"widget\" data-widget_type=\"image-box.default\">\n\t\t\t\t<div class=\"elementor-widget-container\">\n\t\t\t\t\t<div class=\"elementor-image-box-wrapper\"><figure class=\"elementor-image-box-img\"><img loading=\"lazy\" decoding=\"async\" width=\"500\" height=\"340\" src=\"https:\/\/highdare.com\/wp-content\/uploads\/2024\/07\/Los-clientes-se-segmentan.jpg\" class=\"attachment-full size-full wp-image-6462\" alt=\"\" srcset=\"https:\/\/highdare.com\/wp-content\/uploads\/2024\/07\/Los-clientes-se-segmentan.jpg 500w, https:\/\/highdare.com\/wp-content\/uploads\/2024\/07\/Los-clientes-se-segmentan-300x204.jpg 300w\" sizes=\"(max-width: 500px) 100vw, 500px\" \/><\/figure><div class=\"elementor-image-box-content\"><h3 class=\"elementor-image-box-title\">Customer Segmentation<\/h3><p class=\"elementor-image-box-description\">Customers are segmented according to common characteristics in order to market each group effectively and appropriately (CRM). They are classified according to status, volume of purchases, seniority, by frequency and\/or product lines purchased, influence, etc.<\/p><\/div><\/div>\t\t\t\t<\/div>\n\t\t\t\t<\/div>\n\t\t\t\t\t<\/div>\n\t\t<\/div>\n\t\t\t\t\t<\/div>\n\t\t<\/section>\n\t\t\t\t<section class=\"elementor-section elementor-top-section elementor-element elementor-element-c9c0799 elementor-section-boxed elementor-section-height-default elementor-section-height-default\" data-id=\"c9c0799\" data-element_type=\"section\">\n\t\t\t\t\t\t<div class=\"elementor-container elementor-column-gap-default\">\n\t\t\t\t\t<div class=\"elementor-column elementor-col-50 elementor-top-column elementor-element elementor-element-8e82ee1\" data-id=\"8e82ee1\" data-element_type=\"column\">\n\t\t\t<div class=\"elementor-widget-wrap elementor-element-populated\">\n\t\t\t\t\t\t<div class=\"elementor-element elementor-element-1746606 elementor-position-top elementor-widget elementor-widget-image-box\" data-id=\"1746606\" data-element_type=\"widget\" data-widget_type=\"image-box.default\">\n\t\t\t\t<div class=\"elementor-widget-container\">\n\t\t\t\t\t<div class=\"elementor-image-box-wrapper\"><figure class=\"elementor-image-box-img\"><img loading=\"lazy\" decoding=\"async\" width=\"500\" height=\"340\" src=\"https:\/\/highdare.com\/wp-content\/uploads\/2024\/07\/CX.jpg\" class=\"attachment-full size-full wp-image-6463\" alt=\"\" srcset=\"https:\/\/highdare.com\/wp-content\/uploads\/2024\/07\/CX.jpg 500w, https:\/\/highdare.com\/wp-content\/uploads\/2024\/07\/CX-300x204.jpg 300w\" sizes=\"(max-width: 500px) 100vw, 500px\" \/><\/figure><div class=\"elementor-image-box-content\"><h3 class=\"elementor-image-box-title\">CX<\/h3><p class=\"elementor-image-box-description\">Customer experience seeks to create a memorable customer journey, fostering customer loyalty and satisfaction.<\/p><\/div><\/div>\t\t\t\t<\/div>\n\t\t\t\t<\/div>\n\t\t\t\t\t<\/div>\n\t\t<\/div>\n\t\t\t\t<div class=\"elementor-column elementor-col-50 elementor-top-column elementor-element elementor-element-8952d2b\" data-id=\"8952d2b\" data-element_type=\"column\">\n\t\t\t<div class=\"elementor-widget-wrap elementor-element-populated\">\n\t\t\t\t\t\t<div class=\"elementor-element elementor-element-250289f elementor-position-top elementor-widget elementor-widget-image-box\" data-id=\"250289f\" data-element_type=\"widget\" data-widget_type=\"image-box.default\">\n\t\t\t\t<div class=\"elementor-widget-container\">\n\t\t\t\t\t<div class=\"elementor-image-box-wrapper\"><figure class=\"elementor-image-box-img\"><img loading=\"lazy\" decoding=\"async\" width=\"500\" height=\"340\" src=\"https:\/\/highdare.com\/wp-content\/uploads\/2024\/07\/Las-alianzas-son-una-cooperacion.jpg\" class=\"attachment-full size-full wp-image-6464\" alt=\"\" srcset=\"https:\/\/highdare.com\/wp-content\/uploads\/2024\/07\/Las-alianzas-son-una-cooperacion.jpg 500w, https:\/\/highdare.com\/wp-content\/uploads\/2024\/07\/Las-alianzas-son-una-cooperacion-300x204.jpg 300w\" sizes=\"(max-width: 500px) 100vw, 500px\" \/><\/figure><div class=\"elementor-image-box-content\"><h3 class=\"elementor-image-box-title\">Partnerships are a cooperation<\/h3><p class=\"elementor-image-box-description\">Achieve a synergy in which each partner expects the results obtained to be better than those achieved on its own. Business alliances serve to study different points of view on a project and thus make better decisions.<\/p><\/div><\/div>\t\t\t\t<\/div>\n\t\t\t\t<\/div>\n\t\t\t\t\t<\/div>\n\t\t<\/div>\n\t\t\t\t\t<\/div>\n\t\t<\/section>\n\t\t\t\t<section class=\"elementor-section elementor-top-section elementor-element elementor-element-0142a0f elementor-section-boxed elementor-section-height-default elementor-section-height-default\" data-id=\"0142a0f\" data-element_type=\"section\">\n\t\t\t\t\t\t<div class=\"elementor-container elementor-column-gap-default\">\n\t\t\t\t\t<div class=\"elementor-column elementor-col-100 elementor-top-column elementor-element elementor-element-366f42b\" data-id=\"366f42b\" data-element_type=\"column\">\n\t\t\t<div class=\"elementor-widget-wrap elementor-element-populated\">\n\t\t\t\t\t\t<div class=\"elementor-element elementor-element-8eef905 elementor-widget elementor-widget-spacer\" data-id=\"8eef905\" data-element_type=\"widget\" data-widget_type=\"spacer.default\">\n\t\t\t\t<div class=\"elementor-widget-container\">\n\t\t\t\t\t\t\t<div class=\"elementor-spacer\">\n\t\t\t<div class=\"elementor-spacer-inner\"><\/div>\n\t\t<\/div>\n\t\t\t\t\t\t<\/div>\n\t\t\t\t<\/div>\n\t\t\t\t<div class=\"elementor-element elementor-element-cb10193 elementor-widget elementor-widget-elementskit-heading\" data-id=\"cb10193\" data-element_type=\"widget\" data-widget_type=\"elementskit-heading.default\">\n\t\t\t\t<div class=\"elementor-widget-container\">\n\t\t\t\t\t<div class=\"ekit-wid-con\" ><div class=\"ekit-heading elementskit-section-title-wraper text_left   ekit_heading_tablet-   ekit_heading_mobile-\"><h3 class=\"elementskit-section-subtitle\">\n\t\t\t\t\t\tSo, Why us?\n\t\t\t\t\t<\/h3>\t\t\t\t<div class='ekit-heading__description'>\n\t\t\t\t\t<p>Because relationship and digital marketing is the way to establish relationships with customers in an agile, direct and efficient way (cost vs benefit) and Highdare specialises in generating and managing all types of customer relationships, through a Customer Centric philosophy, ranging from customer acquisition to the advanced stages where we seek to generate recurrence, retention and loyalty. We are experts in implementing the technical components (CRM tools such as Salesforce, hubspot, etc), in the operation and in the strategic design of the different customer journeys. Multi-channel (omnichannel) contactability is key, using different communication channels such as email marketing, telemarketing<strong>, <\/strong>SMS, RRSS (Facebook, Instagram, X, TikTok) and Whatsapp Business. Through data analytics, we segment customers, reaching each of them through the right channel and with the right message.<strong>. <\/strong><\/p>\n\t\t\t\t<\/div>\n\t\t\t<div class=\"ekit_heading_separetor_wraper ekit_heading_elementskit-border-divider elementskit-style-long\"><div class=\"elementskit-border-divider elementskit-style-long\"><\/div><\/div><\/div><\/div>\t\t\t\t<\/div>\n\t\t\t\t<\/div>\n\t\t\t\t<div class=\"elementor-element elementor-element-97dbf66 elementor-widget elementor-widget-spacer\" data-id=\"97dbf66\" data-element_type=\"widget\" data-widget_type=\"spacer.default\">\n\t\t\t\t<div class=\"elementor-widget-container\">\n\t\t\t\t\t\t\t<div class=\"elementor-spacer\">\n\t\t\t<div class=\"elementor-spacer-inner\"><\/div>\n\t\t<\/div>\n\t\t\t\t\t\t<\/div>\n\t\t\t\t<\/div>\n\t\t\t\t\t<\/div>\n\t\t<\/div>\n\t\t\t\t\t<\/div>\n\t\t<\/section>\n\t\t\t\t<\/div>","protected":false},"excerpt":{"rendered":"<p>Marketing Relacional El marketing relacional se centra en aportar valor relevante a los usuarios con el fin de retenerlos, fidelizarlos y generar confianza en que las ventas se materializar\u00e1n por s\u00ed solas. CRM Un conjunto de pr\u00e1cticas centradas en el cliente en estrategias y tecnolog\u00edas comerciales. Permite a las empresas realizar un seguimiento de cada [&hellip;]<\/p>\n","protected":false},"author":1,"featured_media":0,"parent":0,"menu_order":0,"comment_status":"closed","ping_status":"closed","template":"elementor_header_footer","meta":{"footnotes":""},"class_list":["post-1884","page","type-page","status-publish","hentry"],"aioseo_notices":[],"_links":{"self":[{"href":"https:\/\/highdare.com\/en\/wp-json\/wp\/v2\/pages\/1884"}],"collection":[{"href":"https:\/\/highdare.com\/en\/wp-json\/wp\/v2\/pages"}],"about":[{"href":"https:\/\/highdare.com\/en\/wp-json\/wp\/v2\/types\/page"}],"author":[{"embeddable":true,"href":"https:\/\/highdare.com\/en\/wp-json\/wp\/v2\/users\/1"}],"replies":[{"embeddable":true,"href":"https:\/\/highdare.com\/en\/wp-json\/wp\/v2\/comments?post=1884"}],"version-history":[{"count":46,"href":"https:\/\/highdare.com\/en\/wp-json\/wp\/v2\/pages\/1884\/revisions"}],"predecessor-version":[{"id":6673,"href":"https:\/\/highdare.com\/en\/wp-json\/wp\/v2\/pages\/1884\/revisions\/6673"}],"wp:attachment":[{"href":"https:\/\/highdare.com\/en\/wp-json\/wp\/v2\/media?parent=1884"}],"curies":[{"name":"wp","href":"https:\/\/api.w.org\/{rel}","templated":true}]}}