{"id":1654,"date":"2019-07-05T05:13:37","date_gmt":"2019-07-05T05:13:37","guid":{"rendered":"http:\/\/172.233.12.166\/?page_id=1654"},"modified":"2024-07-29T04:24:59","modified_gmt":"2024-07-29T07:24:59","slug":"inteligencia-de-negocios","status":"publish","type":"page","link":"https:\/\/highdare.com\/en\/inteligencia-de-negocios\/","title":{"rendered":"Business intelligence"},"content":{"rendered":"<div data-elementor-type=\"wp-post\" data-elementor-id=\"1654\" class=\"elementor elementor-1654\">\n\t\t\t\t\t\t<section class=\"elementor-section elementor-top-section elementor-element elementor-element-6e960e0 elementor-section-boxed elementor-section-height-default elementor-section-height-default\" data-id=\"6e960e0\" data-element_type=\"section\" data-settings=\"{&quot;background_background&quot;:&quot;classic&quot;}\">\n\t\t\t\t\t\t\t<div class=\"elementor-background-overlay\"><\/div>\n\t\t\t\t\t\t\t<div class=\"elementor-container elementor-column-gap-default\">\n\t\t\t\t\t<div class=\"elementor-column elementor-col-100 elementor-top-column elementor-element elementor-element-1429d4e\" data-id=\"1429d4e\" data-element_type=\"column\">\n\t\t\t<div class=\"elementor-widget-wrap elementor-element-populated\">\n\t\t\t\t\t\t<div class=\"elementor-element elementor-element-a7b6544 elementor-widget elementor-widget-heading\" data-id=\"a7b6544\" data-element_type=\"widget\" data-widget_type=\"heading.default\">\n\t\t\t\t<div class=\"elementor-widget-container\">\n\t\t\t\t\t<h3 class=\"elementor-heading-title elementor-size-default\">Business intelligence<\/h3>\t\t\t\t<\/div>\n\t\t\t\t<\/div>\n\t\t\t\t\t<\/div>\n\t\t<\/div>\n\t\t\t\t\t<\/div>\n\t\t<\/section>\n\t\t\t\t<section class=\"elementor-section elementor-top-section elementor-element elementor-element-de48b26 elementor-section-boxed elementor-section-height-default elementor-section-height-default\" data-id=\"de48b26\" data-element_type=\"section\">\n\t\t\t\t\t\t<div class=\"elementor-container elementor-column-gap-default\">\n\t\t\t\t\t<div class=\"elementor-column elementor-col-100 elementor-top-column elementor-element elementor-element-9750579\" data-id=\"9750579\" data-element_type=\"column\">\n\t\t\t<div class=\"elementor-widget-wrap elementor-element-populated\">\n\t\t\t\t\t\t<div class=\"elementor-element elementor-element-7363b1c elementor-widget elementor-widget-elementskit-heading\" data-id=\"7363b1c\" data-element_type=\"widget\" data-widget_type=\"elementskit-heading.default\">\n\t\t\t\t<div class=\"elementor-widget-container\">\n\t\t\t\t\t<div class=\"ekit-wid-con\" ><div class=\"ekit-heading elementskit-section-title-wraper text_left   ekit_heading_tablet-   ekit_heading_mobile-\"><h3 class=\"elementskit-section-subtitle\">\n\t\t\t\t\t\tBusiness intelligence\n\t\t\t\t\t<\/h3><h1 class=\"ekit-heading--title elementskit-section-title  ekit-heading__title-has-border start\">Analyse data and obtain valuable information such as identifying patterns and consistently updated trends regarding user behaviour. <\/h1><div class=\"ekit_heading_separetor_wraper ekit_heading_elementskit-border-divider elementskit-style-long\"><div class=\"elementskit-border-divider elementskit-style-long\"><\/div><\/div><\/div><\/div>\t\t\t\t<\/div>\n\t\t\t\t<\/div>\n\t\t\t\t<div class=\"elementor-element elementor-element-d486fb5 elementor-widget elementor-widget-elementskit-heading\" data-id=\"d486fb5\" data-element_type=\"widget\" data-widget_type=\"elementskit-heading.default\">\n\t\t\t\t<div class=\"elementor-widget-container\">\n\t\t\t\t\t<div class=\"ekit-wid-con\" ><div class=\"ekit-heading elementskit-section-title-wraper text_center   ekit_heading_tablet-   ekit_heading_mobile-\"><h3 class=\"elementskit-section-subtitle\">\n\t\t\t\t\t\tReports\n\t\t\t\t\t<\/h3>\t\t\t\t<div class='ekit-heading__description'>\n\t\t\t\t\t<p>Helps <strong>companies<\/strong> work with data to improve and enhance performance and gain a competitive advantage. Technologies, strategies and practices used to collect, analyse, integrate and present data that is converted into information.<\/p>\n\t\t\t\t<\/div>\n\t\t\t<div class=\"ekit_heading_separetor_wraper ekit_heading_elementskit-border-divider elementskit-style-long\"><div class=\"elementskit-border-divider elementskit-style-long\"><\/div><\/div><\/div><\/div>\t\t\t\t<\/div>\n\t\t\t\t<\/div>\n\t\t\t\t<div class=\"elementor-element elementor-element-8a6cc0e elementor-position-right elementor-vertical-align-top elementor-widget elementor-widget-image-box\" data-id=\"8a6cc0e\" data-element_type=\"widget\" data-widget_type=\"image-box.default\">\n\t\t\t\t<div class=\"elementor-widget-container\">\n\t\t\t\t\t<div class=\"elementor-image-box-wrapper\"><figure class=\"elementor-image-box-img\"><img fetchpriority=\"high\" decoding=\"async\" width=\"500\" height=\"340\" src=\"https:\/\/highdare.com\/wp-content\/uploads\/2024\/06\/img_bigdata.jpg\" class=\"attachment-full size-full wp-image-6355\" alt=\"\" srcset=\"https:\/\/highdare.com\/wp-content\/uploads\/2024\/06\/img_bigdata.jpg 500w, https:\/\/highdare.com\/wp-content\/uploads\/2024\/06\/img_bigdata-300x204.jpg 300w\" sizes=\"(max-width: 500px) 100vw, 500px\" \/><\/figure><div class=\"elementor-image-box-content\"><h3 class=\"elementor-image-box-title\">Big Data<\/h3><p class=\"elementor-image-box-description\">At HighDare, we utilize SQL, programming libraries in Python or R, among many other tools for their high performance in our business to extract, organize, and present large volumes of data for better decision-making, business analysis, and information communication.<\/p><\/div><\/div>\t\t\t\t<\/div>\n\t\t\t\t<\/div>\n\t\t\t\t<div class=\"elementor-element elementor-element-3fabe91 elementor-position-left elementor-vertical-align-top elementor-widget elementor-widget-image-box\" data-id=\"3fabe91\" data-element_type=\"widget\" data-widget_type=\"image-box.default\">\n\t\t\t\t<div class=\"elementor-widget-container\">\n\t\t\t\t\t<div class=\"elementor-image-box-wrapper\"><figure class=\"elementor-image-box-img\"><img decoding=\"async\" width=\"500\" height=\"340\" src=\"https:\/\/highdare.com\/wp-content\/uploads\/2024\/06\/img_datawarehouse.jpg\" class=\"attachment-full size-full wp-image-6356\" alt=\"\" srcset=\"https:\/\/highdare.com\/wp-content\/uploads\/2024\/06\/img_datawarehouse.jpg 500w, https:\/\/highdare.com\/wp-content\/uploads\/2024\/06\/img_datawarehouse-300x204.jpg 300w\" sizes=\"(max-width: 500px) 100vw, 500px\" \/><\/figure><div class=\"elementor-image-box-content\"><h3 class=\"elementor-image-box-title\">Data Warehouse<\/h3><p class=\"elementor-image-box-description\">Data management systems are designed to enable and support business intelligence (BI) tasks, especially analytics, for organizing, understanding, and utilizing data to make strategic decisions.<\/p><\/div><\/div>\t\t\t\t<\/div>\n\t\t\t\t<\/div>\n\t\t\t\t<div class=\"elementor-element elementor-element-606c08f elementor-position-right elementor-vertical-align-top elementor-widget elementor-widget-image-box\" data-id=\"606c08f\" data-element_type=\"widget\" data-widget_type=\"image-box.default\">\n\t\t\t\t<div class=\"elementor-widget-container\">\n\t\t\t\t\t<div class=\"elementor-image-box-wrapper\"><figure class=\"elementor-image-box-img\"><img decoding=\"async\" width=\"500\" height=\"340\" src=\"https:\/\/highdare.com\/wp-content\/uploads\/2024\/06\/img_lake.jpg\" class=\"attachment-full size-full wp-image-6357\" alt=\"\" srcset=\"https:\/\/highdare.com\/wp-content\/uploads\/2024\/06\/img_lake.jpg 500w, https:\/\/highdare.com\/wp-content\/uploads\/2024\/06\/img_lake-300x204.jpg 300w\" sizes=\"(max-width: 500px) 100vw, 500px\" \/><\/figure><div class=\"elementor-image-box-content\"><h3 class=\"elementor-image-box-title\">Data Lake<\/h3><p class=\"elementor-image-box-description\">Improve business intelligence for your enterprise by having data collected and manipulated from various sources. Our technology enables raw data to be transformed into valuable insights.<\/p><\/div><\/div>\t\t\t\t<\/div>\n\t\t\t\t<\/div>\n\t\t\t\t<div class=\"elementor-element elementor-element-3539e3e elementor-position-left elementor-vertical-align-top elementor-widget elementor-widget-image-box\" data-id=\"3539e3e\" data-element_type=\"widget\" data-widget_type=\"image-box.default\">\n\t\t\t\t<div class=\"elementor-widget-container\">\n\t\t\t\t\t<div class=\"elementor-image-box-wrapper\"><figure class=\"elementor-image-box-img\"><img loading=\"lazy\" decoding=\"async\" width=\"500\" height=\"340\" src=\"https:\/\/highdare.com\/wp-content\/uploads\/2024\/06\/img_analitica_avanzada.jpg\" class=\"attachment-full size-full wp-image-6358\" alt=\"\" srcset=\"https:\/\/highdare.com\/wp-content\/uploads\/2024\/06\/img_analitica_avanzada.jpg 500w, https:\/\/highdare.com\/wp-content\/uploads\/2024\/06\/img_analitica_avanzada-300x204.jpg 300w\" sizes=\"(max-width: 500px) 100vw, 500px\" \/><\/figure><div class=\"elementor-image-box-content\"><h3 class=\"elementor-image-box-title\">Advanced Analytics<\/h3><p class=\"elementor-image-box-description\">Comprehensive set of tools and methods used for better predictive analytics. This enables to discover trends and patterns, solve problems, accurately predict the future and drive change.<\/p><\/div><\/div>\t\t\t\t<\/div>\n\t\t\t\t<\/div>\n\t\t\t\t<div class=\"elementor-element elementor-element-c968653 elementor-position-right elementor-vertical-align-top elementor-widget elementor-widget-image-box\" data-id=\"c968653\" data-element_type=\"widget\" data-widget_type=\"image-box.default\">\n\t\t\t\t<div class=\"elementor-widget-container\">\n\t\t\t\t\t<div class=\"elementor-image-box-wrapper\"><figure class=\"elementor-image-box-img\"><img loading=\"lazy\" decoding=\"async\" width=\"500\" height=\"340\" src=\"https:\/\/highdare.com\/wp-content\/uploads\/2024\/06\/img_machine_learning.jpg\" class=\"attachment-full size-full wp-image-6360\" alt=\"\" srcset=\"https:\/\/highdare.com\/wp-content\/uploads\/2024\/06\/img_machine_learning.jpg 500w, https:\/\/highdare.com\/wp-content\/uploads\/2024\/06\/img_machine_learning-300x204.jpg 300w\" sizes=\"(max-width: 500px) 100vw, 500px\" \/><\/figure><div class=\"elementor-image-box-content\"><h3 class=\"elementor-image-box-title\">Machine Learning<\/h3><p class=\"elementor-image-box-description\">Improve business results through the automation and generation of efficiencies in business processes with our Artificial Intelligence learning techniques.<\/p><\/div><\/div>\t\t\t\t<\/div>\n\t\t\t\t<\/div>\n\t\t\t\t<div class=\"elementor-element elementor-element-a297c62 elementor-widget elementor-widget-elementskit-heading\" data-id=\"a297c62\" data-element_type=\"widget\" data-widget_type=\"elementskit-heading.default\">\n\t\t\t\t<div class=\"elementor-widget-container\">\n\t\t\t\t\t<div class=\"ekit-wid-con\" ><div class=\"ekit-heading elementskit-section-title-wraper text_left   ekit_heading_tablet-   ekit_heading_mobile-\"><h3 class=\"elementskit-section-subtitle\">\n\t\t\t\t\t\tWhy Highdare?\n\t\t\t\t\t<\/h3>\t\t\t\t<div class='ekit-heading__description'>\n\t\t\t\t\t<p>Our experience is focused on a wide range of Business Intelligence (BI) services, from the hardest solutions such as data engineering, value-added, dashboards and reporting\/dashboarding and balanced scorecard (BSC) to the most sophisticated Data Science &amp; Analytics solutions. Simply put, we know about analytics integrated to business processes and the management, administration and exploitation of large volumes of information (Big Data). We have a sturdy orientation towards data and the generation of value based on it, using state-of-the-art technologies that enable the application towards business processes, Data Driven, machine learning and expert\/functional knowledge of the different industries and their business mechanisms.<\/p>\n\t\t\t\t<\/div>\n\t\t\t<div class=\"ekit_heading_separetor_wraper ekit_heading_elementskit-border-divider elementskit-style-long\"><div class=\"elementskit-border-divider elementskit-style-long\"><\/div><\/div><\/div><\/div>\t\t\t\t<\/div>\n\t\t\t\t<\/div>\n\t\t\t\t<div class=\"elementor-element elementor-element-b381174 gallery-spacing-custom elementor-widget elementor-widget-image-gallery\" data-id=\"b381174\" data-element_type=\"widget\" data-widget_type=\"image-gallery.default\">\n\t\t\t\t<div class=\"elementor-widget-container\">\n\t\t\t\t\t\t\t<div class=\"elementor-image-gallery\">\n\t\t\t<div id='gallery-1' class='gallery galleryid-1654 gallery-columns-1 gallery-size-full'><figure class='gallery-item'>\n\t\t\t<div class='gallery-icon landscape'>\n\t\t\t\t<img loading=\"lazy\" decoding=\"async\" width=\"1080\" height=\"320\" src=\"https:\/\/highdare.com\/wp-content\/uploads\/2024\/06\/img_inteligencia.jpg\" class=\"attachment-full size-full\" alt=\"\" srcset=\"https:\/\/highdare.com\/wp-content\/uploads\/2024\/06\/img_inteligencia.jpg 1080w, https:\/\/highdare.com\/wp-content\/uploads\/2024\/06\/img_inteligencia-300x89.jpg 300w, https:\/\/highdare.com\/wp-content\/uploads\/2024\/06\/img_inteligencia-1024x303.jpg 1024w, https:\/\/highdare.com\/wp-content\/uploads\/2024\/06\/img_inteligencia-768x228.jpg 768w\" sizes=\"(max-width: 1080px) 100vw, 1080px\" \/>\n\t\t\t<\/div><\/figure>\n\t\t<\/div>\n\t\t<\/div>\n\t\t\t\t\t\t<\/div>\n\t\t\t\t<\/div>\n\t\t\t\t<div class=\"elementor-element elementor-element-f53506d elementor-widget elementor-widget-spacer\" data-id=\"f53506d\" data-element_type=\"widget\" data-widget_type=\"spacer.default\">\n\t\t\t\t<div class=\"elementor-widget-container\">\n\t\t\t\t\t\t\t<div class=\"elementor-spacer\">\n\t\t\t<div class=\"elementor-spacer-inner\"><\/div>\n\t\t<\/div>\n\t\t\t\t\t\t<\/div>\n\t\t\t\t<\/div>\n\t\t\t\t\t<\/div>\n\t\t<\/div>\n\t\t\t\t\t<\/div>\n\t\t<\/section>\n\t\t\t\t<\/div>","protected":false},"excerpt":{"rendered":"<p>Inteligencia de Negocios Inteligencia de Negocios Analizar datos y obtener informaci\u00f3n valiosa como la identificaci\u00f3n de patrones y tendencias en el comportamiento del usuario. Reportes Ayuda a las Compa\u00f1\u00edas a trabajar bas\u00e1ndose en datos para mejorar el rendimiento y obtener una ventaja competitiva. Tecnolog\u00edas, estrategias y pr\u00e1cticas usadas para recopilar, analizar, integrar y presentar la [&hellip;]<\/p>\n","protected":false},"author":1,"featured_media":0,"parent":0,"menu_order":0,"comment_status":"closed","ping_status":"closed","template":"elementor_header_footer","meta":{"footnotes":""},"class_list":["post-1654","page","type-page","status-publish","hentry"],"aioseo_notices":[],"_links":{"self":[{"href":"https:\/\/highdare.com\/en\/wp-json\/wp\/v2\/pages\/1654"}],"collection":[{"href":"https:\/\/highdare.com\/en\/wp-json\/wp\/v2\/pages"}],"about":[{"href":"https:\/\/highdare.com\/en\/wp-json\/wp\/v2\/types\/page"}],"author":[{"embeddable":true,"href":"https:\/\/highdare.com\/en\/wp-json\/wp\/v2\/users\/1"}],"replies":[{"embeddable":true,"href":"https:\/\/highdare.com\/en\/wp-json\/wp\/v2\/comments?post=1654"}],"version-history":[{"count":58,"href":"https:\/\/highdare.com\/en\/wp-json\/wp\/v2\/pages\/1654\/revisions"}],"predecessor-version":[{"id":6639,"href":"https:\/\/highdare.com\/en\/wp-json\/wp\/v2\/pages\/1654\/revisions\/6639"}],"wp:attachment":[{"href":"https:\/\/highdare.com\/en\/wp-json\/wp\/v2\/media?parent=1654"}],"curies":[{"name":"wp","href":"https:\/\/api.w.org\/{rel}","templated":true}]}}